{"id":51229,"date":"2020-05-27T13:05:56","date_gmt":"2020-05-27T13:05:56","guid":{"rendered":"https:\/\/www.turoparkaesthetic.com\/about\/"},"modified":"2024-09-23T10:11:38","modified_gmt":"2024-09-23T10:11:38","slug":"about","status":"publish","type":"page","link":"https:\/\/www.turoparkaesthetic.com\/en\/about\/","title":{"rendered":"About us"},"content":{"rendered":"\t\t<div data-elementor-type=\"wp-page\" data-elementor-id=\"51229\" class=\"elementor elementor-51229 elementor-36828\" data-elementor-post-type=\"page\">\n\t\t\t\t<div class=\"elementor-element elementor-element-1b355db e-flex e-con-boxed sc_layouts_column_icons_position_left e-con e-parent\" data-id=\"1b355db\" data-element_type=\"container\" data-e-type=\"container\">\n\t\t\t\t\t<div class=\"e-con-inner\">\n\t\t\t\t<div class=\"elementor-element elementor-element-ab7d553 sc_height_large sc_fly_static elementor-widget elementor-widget-spacer\" data-id=\"ab7d553\" data-element_type=\"widget\" data-e-type=\"widget\" data-widget_type=\"spacer.default\">\n\t\t\t\t<div class=\"elementor-widget-container\">\n\t\t\t\t\t\t\t<div class=\"elementor-spacer\">\n\t\t\t<div class=\"elementor-spacer-inner\"><\/div>\n\t\t<\/div>\n\t\t\t\t\t\t<\/div>\n\t\t\t\t<\/div>\n\t\t\t\t\t<\/div>\n\t\t\t\t<\/div>\n\t\t<div class=\"elementor-element elementor-element-36aac0c e-flex e-con-boxed sc_layouts_column_icons_position_left e-con e-parent\" data-id=\"36aac0c\" data-element_type=\"container\" data-e-type=\"container\">\n\t\t\t\t\t<div class=\"e-con-inner\">\n\t\t<div class=\"elementor-element elementor-element-af8590a e-con-full e-flex sc_layouts_column_icons_position_left e-con e-child\" data-id=\"af8590a\" data-element_type=\"container\" data-e-type=\"container\">\n\t\t\t\t<div class=\"elementor-element elementor-element-e8fefee extra-size-skills elementor-widget__width-auto elementor-absolute sc_fly_static elementor-widget elementor-widget-trx_sc_skills\" data-id=\"e8fefee\" data-element_type=\"widget\" data-e-type=\"widget\" data-settings=\"{&quot;_position&quot;:&quot;absolute&quot;}\" data-widget_type=\"trx_sc_skills.default\">\n\t\t\t\t<div class=\"elementor-widget-container\">\n\t\t\t\t\t<div\t\tclass=\"sc_skills sc_skills_counter_alter sc_skills_counter_style_odometer sc_align_right\"\r\n\t\t\t\tdata-type=\"counter\" ><div class=\"sc_skills_column trx_addons_column-1_1\"><div class=\"sc_skills_item_wrap sc_skills_item_icon_position_top\"><div class=\"sc_skills_item\"><div class=\"sc_skills_total\" data-start=\"0\" data-stop=\"2017\" data-step=\"20.17\" data-max=\"2017\" data-speed=\"19\" data-duration=\"1900\" data-ed=\"\" data-style=\"odometer\" style=\"color: #C5A48E\"><span class=\"sc_skills_digits\"><span class=\"sc_skills_digit\"><span class=\"sc_skills_digit_placeholder\">8<\/span><span class=\"sc_skills_digit_wrap\"><span class=\"sc_skills_digit_ribbon\"><span class=\"sc_skills_digit_value\">0<\/span><\/span><\/span><\/span><span class=\"sc_skills_digit\"><span class=\"sc_skills_digit_placeholder\">8<\/span><span class=\"sc_skills_digit_wrap\"><span class=\"sc_skills_digit_ribbon\"><span class=\"sc_skills_digit_value\">0<\/span><\/span><\/span><\/span><span class=\"sc_skills_digit\"><span class=\"sc_skills_digit_placeholder\">8<\/span><span class=\"sc_skills_digit_wrap\"><span class=\"sc_skills_digit_ribbon\"><span class=\"sc_skills_digit_value\">0<\/span><\/span><\/span><\/span><span class=\"sc_skills_digit\"><span class=\"sc_skills_digit_placeholder\">8<\/span><span class=\"sc_skills_digit_wrap\"><span class=\"sc_skills_digit_ribbon\"><span class=\"sc_skills_digit_value\">0<\/span><\/span><\/span><\/span><\/span><\/div><\/div><div class=\"sc_skills_item_title\">Founded in<\/div><\/div><\/div><\/div>\t\t\t\t<\/div>\n\t\t\t\t<\/div>\n\t\t<div class=\"e-con-gap-no elementor-element elementor-element-1d9e14f e-con-full e-flex sc_layouts_column_icons_position_left e-con e-child\" data-id=\"1d9e14f\" data-element_type=\"container\" data-e-type=\"container\">\n\t\t<div class=\"elementor-element elementor-element-1803c1b e-con-full e-flex sc_layouts_column_icons_position_left e-con e-child\" data-id=\"1803c1b\" data-element_type=\"container\" data-e-type=\"container\">\n\t\t\t\t<div class=\"elementor-element elementor-element-9c08ff3 sc_height_small sc_fly_static elementor-widget elementor-widget-spacer\" data-id=\"9c08ff3\" data-element_type=\"widget\" data-e-type=\"widget\" data-widget_type=\"spacer.default\">\n\t\t\t\t<div class=\"elementor-widget-container\">\n\t\t\t\t\t\t\t<div class=\"elementor-spacer\">\n\t\t\t<div class=\"elementor-spacer-inner\"><\/div>\n\t\t<\/div>\n\t\t\t\t\t\t<\/div>\n\t\t\t\t<\/div>\n\t\t\t\t<div class=\"elementor-element elementor-element-612ddbc no-title sc_fly_static elementor-widget elementor-widget-image\" data-id=\"612ddbc\" data-element_type=\"widget\" data-e-type=\"widget\" data-widget_type=\"image.default\">\n\t\t\t\t<div class=\"elementor-widget-container\">\n\t\t\t\t\t\t\t\t\t\t\t\t\t\t\t<img decoding=\"async\" src=\"https:\/\/www.turoparkaesthetic.com\/wp-content\/uploads\/elementor\/thumbs\/TuroParkAesthetic-Doctor-qu1pvg4k7p96cbnexc8zd8juypsrk1nblulo39pjzq.jpg\" title=\"TuroParkAesthetic-Doctor\" alt=\"turo park clinics barcelona\" loading=\"lazy\" \/>\t\t\t\t\t\t\t\t\t\t\t\t\t\t\t<\/div>\n\t\t\t\t<\/div>\n\t\t\t\t<div class=\"elementor-element elementor-element-e436723 sc_height_large sc_layouts_hide_on_mobile sc_fly_static elementor-widget elementor-widget-spacer\" data-id=\"e436723\" data-element_type=\"widget\" data-e-type=\"widget\" data-widget_type=\"spacer.default\">\n\t\t\t\t<div class=\"elementor-widget-container\">\n\t\t\t\t\t\t\t<div class=\"elementor-spacer\">\n\t\t\t<div class=\"elementor-spacer-inner\"><\/div>\n\t\t<\/div>\n\t\t\t\t\t\t<\/div>\n\t\t\t\t<\/div>\n\t\t\t\t<\/div>\n\t\t<div class=\"elementor-element elementor-element-04a1b90 e-con-full e-flex sc_layouts_column_icons_position_left e-con e-child\" data-id=\"04a1b90\" data-element_type=\"container\" data-e-type=\"container\">\n\t\t\t\t<div class=\"elementor-element elementor-element-beb7e8b no-title sc_fly_static elementor-widget elementor-widget-image\" data-id=\"beb7e8b\" data-element_type=\"widget\" data-e-type=\"widget\" data-widget_type=\"image.default\">\n\t\t\t\t<div class=\"elementor-widget-container\">\n\t\t\t\t\t\t\t\t\t\t\t\t\t\t\t<img decoding=\"async\" src=\"https:\/\/www.turoparkaesthetic.com\/wp-content\/uploads\/elementor\/thumbs\/Madeleine-qu1pvg4ixnhyd7lpf5l2n9uk7z0esowt0jfx6rm0l4.jpg\" title=\"Madeleine\" alt=\"Doctor Madeleine Smit CEO\" loading=\"lazy\" \/>\t\t\t\t\t\t\t\t\t\t\t\t\t\t\t<\/div>\n\t\t\t\t<\/div>\n\t\t\t\t<\/div>\n\t\t\t\t<\/div>\n\t\t\t\t<\/div>\n\t\t<div class=\"elementor-element elementor-element-cbeb56e e-con-full e-flex sc_layouts_column_icons_position_left e-con e-child\" data-id=\"cbeb56e\" data-element_type=\"container\" data-e-type=\"container\">\n\t\t\t\t<div class=\"elementor-element elementor-element-c577d76 sc_layouts_hide_on_wide sc_layouts_hide_on_desktop sc_layouts_hide_on_notebook sc_layouts_hide_on_tablet sc_fly_static elementor-widget elementor-widget-spacer\" data-id=\"c577d76\" data-element_type=\"widget\" data-e-type=\"widget\" data-widget_type=\"spacer.default\">\n\t\t\t\t<div class=\"elementor-widget-container\">\n\t\t\t\t\t\t\t<div class=\"elementor-spacer\">\n\t\t\t<div class=\"elementor-spacer-inner\"><\/div>\n\t\t<\/div>\n\t\t\t\t\t\t<\/div>\n\t\t\t\t<\/div>\n\t\t\t\t<div class=\"elementor-element elementor-element-7d0b0ae sc_fly_static elementor-widget elementor-widget-trx_sc_title\" data-id=\"7d0b0ae\" data-element_type=\"widget\" data-e-type=\"widget\" data-widget_type=\"trx_sc_title.default\">\n\t\t\t\t<div class=\"elementor-widget-container\">\n\t\t\t\t\t<div\t\tclass=\"sc_title sc_title_default\" ><span class=\"sc_item_subtitle sc_title_subtitle sc_item_subtitle_above sc_item_title_style_default\">Tur\u00f3 park clinics<\/span><h1 class=\"sc_item_title sc_title_title sc_item_title_style_default sc_item_title_tag\"\n\t\t\t><span class=\"sc_item_title_text\">Our history<\/span><\/h1><div class=\"sc_item_descr sc_title_descr\"><p>Founded in 2017 in the heart of Sarri\u00e1-Sant Gervasi, Barcelona, by Dr. Madeleine Smit, Tur\u00f3 Park Aesthetic stands as a pioneering clinic in the field of aesthetic medicine and surgery. Since its inception, our clinic has been dedicated to offering innovative and personalized treatments, guaranteeing top-quality care in a welcoming environment. We pride ourselves on being a multicultural center where patients from all over the world feel at home being cared for by professionals who speak diverse languages such as Spanish, English, French, German, Dutch, Italian, Portuguese, Polish, Armenian, Arabic, and more.<\/p>\n<\/div><\/div>\t\t\t\t<\/div>\n\t\t\t\t<\/div>\n\t\t\t\t<div class=\"elementor-element elementor-element-e4db669 sc_fly_static elementor-widget elementor-widget-spacer\" data-id=\"e4db669\" data-element_type=\"widget\" data-e-type=\"widget\" data-widget_type=\"spacer.default\">\n\t\t\t\t<div class=\"elementor-widget-container\">\n\t\t\t\t\t\t\t<div class=\"elementor-spacer\">\n\t\t\t<div class=\"elementor-spacer-inner\"><\/div>\n\t\t<\/div>\n\t\t\t\t\t\t<\/div>\n\t\t\t\t<\/div>\n\t\t\t\t<div class=\"elementor-element elementor-element-34c1bc0 sc_fly_static elementor-widget elementor-widget-heading\" data-id=\"34c1bc0\" data-element_type=\"widget\" data-e-type=\"widget\" data-widget_type=\"heading.default\">\n\t\t\t\t<div class=\"elementor-widget-container\">\n\t\t\t\t\t<h2 class=\"elementor-heading-title elementor-size-default\">Our Mission<\/h2>\t\t\t\t<\/div>\n\t\t\t\t<\/div>\n\t\t\t\t<div class=\"elementor-element elementor-element-21415be sc_fly_static elementor-widget elementor-widget-text-editor\" data-id=\"21415be\" data-element_type=\"widget\" data-e-type=\"widget\" data-widget_type=\"text-editor.default\">\n\t\t\t\t<div class=\"elementor-widget-container\">\n\t\t\t\t\t\t\t\t\t<p>Tur\u00f3 Park Aesthetic&#8217;s mission is to provide comprehensive aesthetic services that not only beautify but also contribute to the overall well-being of our patients. With a team of experts in various health disciplines, from physicians and dentists to surgeons, all committed to the highest standards of quality, we aspire to be a global benchmark in aesthetic care. Our vision is to continue to expand our reach, maintaining excellence and innovation in every treatment we offer.<\/p>\n\t\t\t\t\t\t\t\t<\/div>\n\t\t\t\t<\/div>\n\t\t\t\t<div class=\"elementor-element elementor-element-d93cb39 sc_fly_static elementor-widget elementor-widget-spacer\" data-id=\"d93cb39\" data-element_type=\"widget\" data-e-type=\"widget\" data-widget_type=\"spacer.default\">\n\t\t\t\t<div class=\"elementor-widget-container\">\n\t\t\t\t\t\t\t<div class=\"elementor-spacer\">\n\t\t\t<div class=\"elementor-spacer-inner\"><\/div>\n\t\t<\/div>\n\t\t\t\t\t\t<\/div>\n\t\t\t\t<\/div>\n\t\t\t\t<\/div>\n\t\t\t\t\t<\/div>\n\t\t\t\t<\/div>\n\t\t<div class=\"elementor-element elementor-element-0057337 e-flex e-con-boxed sc_layouts_column_icons_position_left e-con e-parent\" data-id=\"0057337\" data-element_type=\"container\" data-e-type=\"container\" data-settings=\"{&quot;background_background&quot;:&quot;classic&quot;}\">\n\t\t\t\t\t<div class=\"e-con-inner\">\n\t\t\t\t<div class=\"elementor-element elementor-element-d324d5c elementor-widget__width-inherit sc_fly_static elementor-widget elementor-widget-trx_sc_title\" data-id=\"d324d5c\" data-element_type=\"widget\" data-e-type=\"widget\" data-widget_type=\"trx_sc_title.default\">\n\t\t\t\t<div class=\"elementor-widget-container\">\n\t\t\t\t\t<div\t\tclass=\"sc_title sc_title_shadow\" ><span class=\"sc_item_subtitle sc_title_subtitle sc_align_center sc_item_subtitle_above sc_item_title_style_shadow\">Values<\/span><h2 class=\"sc_item_title sc_title_title sc_align_center sc_item_title_style_shadow\"\n\t\t\t><span class=\"sc_item_title_text\">Excellence, Innovation, Community <br> Customer orientation, Diversity<\/span><\/h2><\/div>\t\t\t\t<\/div>\n\t\t\t\t<\/div>\n\t\t\t\t\t<\/div>\n\t\t\t\t<\/div>\n\t\t<div class=\"elementor-element elementor-element-4856c81c scheme_dark e-flex e-con-boxed sc_layouts_column_icons_position_left e-con e-parent\" data-id=\"4856c81c\" data-element_type=\"container\" data-e-type=\"container\">\n\t\t\t\t\t<div class=\"e-con-inner\">\n\t\t<div class=\"elementor-element elementor-element-159acfa1 e-con-full e-flex sc_layouts_column_icons_position_left e-con e-child\" data-id=\"159acfa1\" data-element_type=\"container\" data-e-type=\"container\">\n\t\t\t\t<div class=\"elementor-element elementor-element-1fa28c95 sc_fly_static elementor-widget elementor-widget-trx_sc_title\" data-id=\"1fa28c95\" data-element_type=\"widget\" data-e-type=\"widget\" data-widget_type=\"trx_sc_title.default\">\n\t\t\t\t<div class=\"elementor-widget-container\">\n\t\t\t\t\t<div\t\tclass=\"sc_title sc_title_default\" ><span class=\"sc_item_subtitle sc_title_subtitle sc_item_subtitle_above sc_item_title_style_default\">Tur\u00f3 Park Clinics<\/span><h2 class=\"sc_item_title sc_title_title sc_item_title_style_default sc_item_title_tag\"\n\t\t\t><span class=\"sc_item_title_text\">Our Clinics<\/span><\/h2><\/div>\t\t\t\t<\/div>\n\t\t\t\t<\/div>\n\t\t\t\t<div class=\"elementor-element elementor-element-48b062e sc_fly_static elementor-widget elementor-widget-spacer\" data-id=\"48b062e\" data-element_type=\"widget\" data-e-type=\"widget\" data-widget_type=\"spacer.default\">\n\t\t\t\t<div class=\"elementor-widget-container\">\n\t\t\t\t\t\t\t<div class=\"elementor-spacer\">\n\t\t\t<div class=\"elementor-spacer-inner\"><\/div>\n\t\t<\/div>\n\t\t\t\t\t\t<\/div>\n\t\t\t\t<\/div>\n\t\t\t\t<div class=\"elementor-element elementor-element-6bcd842e sc_fly_static elementor-widget elementor-widget-text-editor\" data-id=\"6bcd842e\" data-element_type=\"widget\" data-e-type=\"widget\" data-widget_type=\"text-editor.default\">\n\t\t\t\t<div class=\"elementor-widget-container\">\n\t\t\t\t\t\t\t\t\t<p>Tur\u00f3 Park Aesthetic is part of the <a href=\"https:\/\/turoparkmedical.com\/es\/\" target=\"_blank\" rel=\"noopener\">Tur\u00f3 Park Clinics<\/a> group, where you will find diverse and advanced medical, dental, aesthetic, and laboratory services. First-class care and treatment by multilingual medical specialists.<\/p>\n<p>Among our specialties you can find:<\/p>\n\t\t\t\t\t\t\t\t<\/div>\n\t\t\t\t<\/div>\n\t\t\t\t<div class=\"elementor-element elementor-element-7a893589 sc_fly_static elementor-widget elementor-widget-spacer\" data-id=\"7a893589\" data-element_type=\"widget\" data-e-type=\"widget\" data-widget_type=\"spacer.default\">\n\t\t\t\t<div class=\"elementor-widget-container\">\n\t\t\t\t\t\t\t<div class=\"elementor-spacer\">\n\t\t\t<div class=\"elementor-spacer-inner\"><\/div>\n\t\t<\/div>\n\t\t\t\t\t\t<\/div>\n\t\t\t\t<\/div>\n\t\t<div class=\"elementor-element elementor-element-1bab8c88 e-con-full e-flex sc_layouts_column_icons_position_left e-con e-child\" data-id=\"1bab8c88\" data-element_type=\"container\" data-e-type=\"container\">\n\t\t<div class=\"elementor-element elementor-element-2c36d1bb e-con-full e-flex sc_layouts_column_icons_position_left e-con e-child\" data-id=\"2c36d1bb\" data-element_type=\"container\" data-e-type=\"container\">\n\t\t\t\t<div class=\"elementor-element elementor-element-47234bc9 scheme_link_in_gold sc_fly_static elementor-widget elementor-widget-text-editor\" data-id=\"47234bc9\" data-element_type=\"widget\" data-e-type=\"widget\" data-widget_type=\"text-editor.default\">\n\t\t\t\t<div class=\"elementor-widget-container\">\n\t\t\t\t\t\t\t\t\t<ul class=\"trx_addons_list_dot text_link2\">\n<li>General Medicine<\/li>\n<li>Pediatrics<\/li>\n<li>Gynecology<\/li>\n<li>Dermatology<\/li>\n<li>Ophthalmology<\/li>\n<li>Cardiology<\/li>\n<li>Otorhinolaryngology<\/li>\n<li>Urology<\/li>\n<li>Nutrition and Dietetics<\/li>\n<li>Psychology and Psychiatry<\/li>\n<\/ul>\n\t\t\t\t\t\t\t\t<\/div>\n\t\t\t\t<\/div>\n\t\t\t\t<\/div>\n\t\t<div class=\"elementor-element elementor-element-789e3d35 e-con-full e-flex sc_layouts_column_icons_position_left e-con e-child\" data-id=\"789e3d35\" data-element_type=\"container\" data-e-type=\"container\">\n\t\t\t\t<div class=\"elementor-element elementor-element-1f65cd36 scheme_link_in_gold sc_fly_static elementor-widget elementor-widget-text-editor\" data-id=\"1f65cd36\" data-element_type=\"widget\" data-e-type=\"widget\" data-widget_type=\"text-editor.default\">\n\t\t\t\t<div class=\"elementor-widget-container\">\n\t\t\t\t\t\t\t\t\t<ul class=\"trx_addons_list_dot text_link2\">\n<li>Neurology<\/li>\n<li>Health check-ups<\/li>\n<li>Endocrinology<\/li>\n<li>General Dentistry<\/li>\n<li>Endodontics<\/li>\n<li>Aesthetic Dental<\/li>\n<li>Orthodontics<\/li>\n<li>Maxillofacial Surgery<\/li>\n<li>Medical Laboratory<\/li>\n<li>Blood Tests<\/li>\n<\/ul>\n\t\t\t\t\t\t\t\t<\/div>\n\t\t\t\t<\/div>\n\t\t\t\t<\/div>\n\t\t\t\t<\/div>\n\t\t\t\t<\/div>\n\t\t<div class=\"elementor-element elementor-element-6df6494e e-con-full e-flex sc_layouts_column_icons_position_left e-con e-child\" data-id=\"6df6494e\" data-element_type=\"container\" data-e-type=\"container\">\n\t\t<div class=\"elementor-element elementor-element-5ddd83f3 e-con-full e-flex sc_layouts_column_icons_position_left e-con e-child\" data-id=\"5ddd83f3\" data-element_type=\"container\" data-e-type=\"container\">\n\t\t<div class=\"elementor-element elementor-element-7c143602 e-con-full e-flex sc_layouts_column_icons_position_left e-con e-child\" data-id=\"7c143602\" data-element_type=\"container\" data-e-type=\"container\">\n\t\t\t\t<div class=\"elementor-element elementor-element-7405d77a no-title sc_fly_static elementor-widget elementor-widget-image\" data-id=\"7405d77a\" data-element_type=\"widget\" data-e-type=\"widget\" data-widget_type=\"image.default\">\n\t\t\t\t<div class=\"elementor-widget-container\">\n\t\t\t\t\t\t\t\t\t\t\t\t\t\t\t<img decoding=\"async\" src=\"https:\/\/www.turoparkaesthetic.com\/wp-content\/uploads\/elementor\/thumbs\/TuroParkDentalBarcelona-qu1pvg4hxovu1pnlmxn5n8e00782g4bph2im2n7nkm.jpg\" title=\"TuroParkDentalBarcelona\" alt=\"Clinica dental en barcelona\" loading=\"lazy\" \/>\t\t\t\t\t\t\t\t\t\t\t\t\t\t\t<\/div>\n\t\t\t\t<\/div>\n\t\t\t\t<\/div>\n\t\t<div class=\"elementor-element elementor-element-39797a64 e-con-full e-flex sc_layouts_column_icons_position_left e-con e-child\" data-id=\"39797a64\" data-element_type=\"container\" data-e-type=\"container\">\n\t\t\t\t<div class=\"elementor-element elementor-element-399ef5ed no-title sc_fly_static elementor-widget elementor-widget-image\" data-id=\"399ef5ed\" data-element_type=\"widget\" data-e-type=\"widget\" data-widget_type=\"image.default\">\n\t\t\t\t<div class=\"elementor-widget-container\">\n\t\t\t\t\t\t\t\t\t\t\t\t\t\t\t<img decoding=\"async\" src=\"https:\/\/www.turoparkaesthetic.com\/wp-content\/uploads\/elementor\/thumbs\/TuroParkMedical-qu1pvg4imosxj75wyu65ebih0pq4tmwjxm4aycyyfo.jpg\" title=\"TuroParkMedical\" alt=\"Tur\u00f3 Park Medical Clinic en barcelona\" loading=\"lazy\" \/>\t\t\t\t\t\t\t\t\t\t\t\t\t\t\t<\/div>\n\t\t\t\t<\/div>\n\t\t\t\t<div class=\"elementor-element elementor-element-6418ab62 sc_layouts_hide_on_mobile sc_fly_static elementor-widget elementor-widget-spacer\" data-id=\"6418ab62\" data-element_type=\"widget\" data-e-type=\"widget\" data-widget_type=\"spacer.default\">\n\t\t\t\t<div class=\"elementor-widget-container\">\n\t\t\t\t\t\t\t<div class=\"elementor-spacer\">\n\t\t\t<div class=\"elementor-spacer-inner\"><\/div>\n\t\t<\/div>\n\t\t\t\t\t\t<\/div>\n\t\t\t\t<\/div>\n\t\t\t\t<\/div>\n\t\t\t\t<\/div>\n\t\t\t\t<\/div>\n\t\t\t\t\t<\/div>\n\t\t\t\t<\/div>\n\t\t<div class=\"elementor-element elementor-element-017205d e-flex e-con-boxed sc_layouts_column_icons_position_left e-con e-parent\" data-id=\"017205d\" data-element_type=\"container\" data-e-type=\"container\" data-settings=\"{&quot;background_background&quot;:&quot;classic&quot;}\">\n\t\t\t\t\t<div class=\"e-con-inner\">\n\t\t<div class=\"elementor-element elementor-element-7cff416 e-con-full e-flex sc_layouts_column_icons_position_left e-con e-child\" data-id=\"7cff416\" data-element_type=\"container\" data-e-type=\"container\">\n\t\t\t\t<div class=\"elementor-element elementor-element-277174b elementor-widget-divider--view-line sc_fly_static elementor-widget elementor-widget-divider\" data-id=\"277174b\" data-element_type=\"widget\" data-e-type=\"widget\" data-widget_type=\"divider.default\">\n\t\t\t\t<div class=\"elementor-widget-container\">\n\t\t\t\t\t\t\t<div class=\"elementor-divider\">\n\t\t\t<span class=\"elementor-divider-separator\">\n\t\t\t\t\t\t<\/span>\n\t\t<\/div>\n\t\t\t\t\t\t<\/div>\n\t\t\t\t<\/div>\n\t\t\t\t<div class=\"elementor-element elementor-element-e33d657 sc_height_huge sc_fly_static elementor-widget elementor-widget-spacer\" data-id=\"e33d657\" data-element_type=\"widget\" data-e-type=\"widget\" data-widget_type=\"spacer.default\">\n\t\t\t\t<div class=\"elementor-widget-container\">\n\t\t\t\t\t\t\t<div class=\"elementor-spacer\">\n\t\t\t<div class=\"elementor-spacer-inner\"><\/div>\n\t\t<\/div>\n\t\t\t\t\t\t<\/div>\n\t\t\t\t<\/div>\n\t\t\t\t<div class=\"elementor-element elementor-element-e91c5a5 sc_fly_static elementor-widget elementor-widget-trx_sc_title\" data-id=\"e91c5a5\" data-element_type=\"widget\" data-e-type=\"widget\" data-widget_type=\"trx_sc_title.default\">\n\t\t\t\t<div class=\"elementor-widget-container\">\n\t\t\t\t\t<div\t\tclass=\"sc_title sc_title_default\" ><span class=\"sc_item_subtitle sc_title_subtitle sc_align_center sc_item_subtitle_above sc_item_title_style_default\">we are<\/span><h3 class=\"sc_item_title sc_title_title sc_align_center sc_item_title_style_default sc_item_title_tag\"\n\t\t\t><span class=\"sc_item_title_text\">We are leaders in offering innovative, top quality and extremely natural aesthetic treatments.<\/span><\/h3><\/div>\t\t\t\t<\/div>\n\t\t\t\t<\/div>\n\t\t\t\t<div class=\"elementor-element elementor-element-2367906 sc_fly_static elementor-widget elementor-widget-spacer\" data-id=\"2367906\" data-element_type=\"widget\" data-e-type=\"widget\" data-widget_type=\"spacer.default\">\n\t\t\t\t<div class=\"elementor-widget-container\">\n\t\t\t\t\t\t\t<div class=\"elementor-spacer\">\n\t\t\t<div class=\"elementor-spacer-inner\"><\/div>\n\t\t<\/div>\n\t\t\t\t\t\t<\/div>\n\t\t\t\t<\/div>\n\t\t\t\t<div class=\"elementor-element elementor-element-ef483a6 elementor-widget__width-initial sc_fly_static elementor-widget elementor-widget-image\" data-id=\"ef483a6\" data-element_type=\"widget\" data-e-type=\"widget\" data-widget_type=\"image.default\">\n\t\t\t\t<div class=\"elementor-widget-container\">\n\t\t\t\t\t\t\t\t\t\t\t\t\t\t\t<img decoding=\"async\" width=\"150\" height=\"150\" src=\"https:\/\/www.turoparkaesthetic.com\/wp-content\/uploads\/2024\/05\/Madeleine-150x150.jpg\" class=\"attachment-thumbnail size-thumbnail wp-image-49345\" alt=\"Doctor Madeleine Smit CEO\" srcset=\"https:\/\/www.turoparkaesthetic.com\/wp-content\/uploads\/2024\/05\/Madeleine-150x150.jpg 150w, https:\/\/www.turoparkaesthetic.com\/wp-content\/uploads\/2024\/05\/Madeleine-120x120.jpg 120w, https:\/\/www.turoparkaesthetic.com\/wp-content\/uploads\/2024\/05\/Madeleine-370x370.jpg 370w\" sizes=\"(max-width: 150px) 100vw, 150px\" \/>\t\t\t\t\t\t\t\t\t\t\t\t\t\t\t<\/div>\n\t\t\t\t<\/div>\n\t\t\t\t<div class=\"elementor-element elementor-element-f6afc67 sc_fly_static elementor-widget elementor-widget-heading\" data-id=\"f6afc67\" data-element_type=\"widget\" data-e-type=\"widget\" data-widget_type=\"heading.default\">\n\t\t\t\t<div class=\"elementor-widget-container\">\n\t\t\t\t\t<h6 class=\"elementor-heading-title elementor-size-default\">Dr. Madeleine Smit<\/h6>\t\t\t\t<\/div>\n\t\t\t\t<\/div>\n\t\t\t\t<div class=\"elementor-element elementor-element-759954d sc_fly_static elementor-widget elementor-widget-text-editor\" data-id=\"759954d\" data-element_type=\"widget\" data-e-type=\"widget\" data-widget_type=\"text-editor.default\">\n\t\t\t\t<div class=\"elementor-widget-container\">\n\t\t\t\t\t\t\t\t\t<p>CEO and Orthodontist<\/p>\n\t\t\t\t\t\t\t\t<\/div>\n\t\t\t\t<\/div>\n\t\t\t\t<div class=\"elementor-element elementor-element-0914dd1 sc_height_huge sc_fly_static elementor-widget elementor-widget-spacer\" data-id=\"0914dd1\" data-element_type=\"widget\" data-e-type=\"widget\" data-widget_type=\"spacer.default\">\n\t\t\t\t<div class=\"elementor-widget-container\">\n\t\t\t\t\t\t\t<div class=\"elementor-spacer\">\n\t\t\t<div class=\"elementor-spacer-inner\"><\/div>\n\t\t<\/div>\n\t\t\t\t\t\t<\/div>\n\t\t\t\t<\/div>\n\t\t\t\t<\/div>\n\t\t\t\t\t<\/div>\n\t\t\t\t<\/div>\n\t\t\t\t<\/div>\n\t\t","protected":false},"excerpt":{"rendered":"<p>80808080Founded in Tur\u00f3 park clinics Our history Founded in 2017 in the heart of Sarri\u00e1-Sant Gervasi, Barcelona, by Dr. Madeleine Smit, Tur\u00f3 Park Aesthetic stands as a pioneering clinic in&hellip;<\/p>\n","protected":false},"author":4,"featured_media":0,"parent":0,"menu_order":0,"comment_status":"closed","ping_status":"closed","template":"","meta":{"_acf_changed":false,"footnotes":""},"doctor":[],"treatment":[],"class_list":["post-51229","page","type-page","status-publish","hentry"],"acf":[],"_links":{"self":[{"href":"https:\/\/www.turoparkaesthetic.com\/en\/wp-json\/wp\/v2\/pages\/51229","targetHints":{"allow":["GET"]}}],"collection":[{"href":"https:\/\/www.turoparkaesthetic.com\/en\/wp-json\/wp\/v2\/pages"}],"about":[{"href":"https:\/\/www.turoparkaesthetic.com\/en\/wp-json\/wp\/v2\/types\/page"}],"author":[{"embeddable":true,"href":"https:\/\/www.turoparkaesthetic.com\/en\/wp-json\/wp\/v2\/users\/4"}],"replies":[{"embeddable":true,"href":"https:\/\/www.turoparkaesthetic.com\/en\/wp-json\/wp\/v2\/comments?post=51229"}],"version-history":[{"count":4,"href":"https:\/\/www.turoparkaesthetic.com\/en\/wp-json\/wp\/v2\/pages\/51229\/revisions"}],"predecessor-version":[{"id":55301,"href":"https:\/\/www.turoparkaesthetic.com\/en\/wp-json\/wp\/v2\/pages\/51229\/revisions\/55301"}],"wp:attachment":[{"href":"https:\/\/www.turoparkaesthetic.com\/en\/wp-json\/wp\/v2\/media?parent=51229"}],"wp:term":[{"taxonomy":"doctor","embeddable":true,"href":"https:\/\/www.turoparkaesthetic.com\/en\/wp-json\/wp\/v2\/doctor?post=51229"},{"taxonomy":"treatment","embeddable":true,"href":"https:\/\/www.turoparkaesthetic.com\/en\/wp-json\/wp\/v2\/treatment?post=51229"}],"curies":[{"name":"wp","href":"https:\/\/api.w.org\/{rel}","templated":true}]}}